{"id":1320,"date":"2019-08-20T06:55:26","date_gmt":"2019-08-20T04:55:26","guid":{"rendered":"https:\/\/themes.getmotopress.com\/booklium-default\/search-availability\/"},"modified":"2025-10-25T02:34:18","modified_gmt":"2025-10-25T00:34:18","slug":"recherche","status":"publish","type":"page","link":"https:\/\/conciergerie-immobiliere.fr\/index.php\/recherche\/","title":{"rendered":"Rechercher les disponibilit\u00e9s de Votre Chalet | Appartement"},"content":{"rendered":"<div class=\"mphb_sc_search-wrapper \"><form method=\"GET\" class=\"mphb_sc_search-form\" action=\"https:\/\/conciergerie-immobiliere.fr\/index.php\/resultats-recherche\/\">\n\n\t\n\t<p class=\"mphb_sc_search-check-in-date\">\n\t\t<label for=\"mphb_check_in_date-mphb-search-form-69f3f5969d7ba\">\n\t\t\tArriv\u00e9e\t\t\t<abbr title=\"Format\u00e9 comme dd\/mm\/yyyy\">*<\/abbr>\n\t\t<\/label>\n\t\t<br \/>\n\t\t<input\n\t\t\tid=\"mphb_check_in_date-mphb-search-form-69f3f5969d7ba\"\n\t\t\tdata-datepick-group=\"mphb-search-form-69f3f5969d7ba\"\n\t\t\tvalue=\"\"\n\t\t\tplaceholder=\"Date d&#039;arriv\u00e9e\"\n\t\t\trequired=\"required\"\n\t\t\ttype=\"text\"\n\t\t\tinputmode=\"none\"\n\t\t\tname=\"mphb_check_in_date\"\n\t\t\tclass=\"mphb-datepick\"\n\t\t\tautocomplete=\"off\"\n\t\t\t\/>\n\t<\/p>\n\n\t<p class=\"mphb_sc_search-check-out-date\">\n\t\t<label for=\"mphb_check_out_date-mphb-search-form-69f3f5969d7ba\">\n\t\t\tD\u00e9part\t\t\t<abbr title=\"Format\u00e9 comme dd\/mm\/yyyy\">*<\/abbr>\n\t\t<\/label>\n\t\t<br \/>\n\t\t<input\n\t\t\tid=\"mphb_check_out_date-mphb-search-form-69f3f5969d7ba\"\n\t\t\tdata-datepick-group=\"mphb-search-form-69f3f5969d7ba\"\n\t\t\tvalue=\"\"\n\t\t\tplaceholder=\"Date de d\u00e9part\"\n\t\t\trequired=\"required\"\n\t\t\ttype=\"text\"\n\t\t\tinputmode=\"none\"\n\t\t\tname=\"mphb_check_out_date\"\n\t\t\tclass=\"mphb-datepick\"\n\t\t\tautocomplete=\"off\"\n\t\t\t\/>\n\t<\/p>\n\n\t\t\t<p class=\"mphb_sc_search-adults\">\n\t\t\t<label for=\"mphb_adults-mphb-search-form-69f3f5969d7ba\">\n\t\t\t\tAdultes\t\t\t<\/label>\n\t\t\t<br \/>\n\t\t\t<select id=\"mphb_adults-mphb-search-form-69f3f5969d7ba\" name=\"mphb_adults\" >\n\t\t\t\t\t\t\t\t\t<option value=\"1\"  selected='selected'>1<\/option>\n\t\t\t\t\t\t\t\t\t<option value=\"2\" >2<\/option>\n\t\t\t\t\t\t\t\t\t<option value=\"3\" >3<\/option>\n\t\t\t\t\t\t\t\t\t<option value=\"4\" >4<\/option>\n\t\t\t\t\t\t\t\t\t<option value=\"5\" >5<\/option>\n\t\t\t\t\t\t\t\t\t<option value=\"6\" >6<\/option>\n\t\t\t\t\t\t\t\t\t<option value=\"7\" >7<\/option>\n\t\t\t\t\t\t\t\t\t<option value=\"8\" >8<\/option>\n\t\t\t\t\t\t\t\t\t<option value=\"9\" >9<\/option>\n\t\t\t\t\t\t\t\t\t<option value=\"10\" >10<\/option>\n\t\t\t\t\t\t\t\t\t<option value=\"11\" >11<\/option>\n\t\t\t\t\t\t\t\t\t<option value=\"12\" >12<\/option>\n\t\t\t\t\t\t\t\t\t<option value=\"13\" >13<\/option>\n\t\t\t\t\t\t\t\t\t<option value=\"14\" >14<\/option>\n\t\t\t\t\t\t\t\t\t<option value=\"15\" >15<\/option>\n\t\t\t\t\t\t\t\t\t<option value=\"16\" >16<\/option>\n\t\t\t\t\t\t\t\t\t<option value=\"17\" >17<\/option>\n\t\t\t\t\t\t\t\t\t<option value=\"18\" >18<\/option>\n\t\t\t\t\t\t\t\t\t<option value=\"19\" >19<\/option>\n\t\t\t\t\t\t\t\t\t<option value=\"20\" >20<\/option>\n\t\t\t\t\t\t\t<\/select>\n\t\t<\/p>\n\t\n\t\t\t<p class=\"mphb_sc_search-children\">\n\t\t\t<label for=\"mphb_children-mphb-search-form-69f3f5969d7ba\">\n\t\t\t\tEnfants - 18 \t\t\t<\/label>\n\t\t\t<br \/>\n\t\t\t<select id=\"mphb_children-mphb-search-form-69f3f5969d7ba\" name=\"mphb_children\">\n\t\t\t\t\t\t\t\t\t<option value=\"0\"  selected='selected'>0<\/option>\n\t\t\t\t\t\t\t\t\t<option value=\"1\" >1<\/option>\n\t\t\t\t\t\t\t\t\t<option value=\"2\" >2<\/option>\n\t\t\t\t\t\t\t\t\t<option value=\"3\" >3<\/option>\n\t\t\t\t\t\t\t\t\t<option value=\"4\" >4<\/option>\n\t\t\t\t\t\t\t\t\t<option value=\"5\" >5<\/option>\n\t\t\t\t\t\t\t\t\t<option value=\"6\" >6<\/option>\n\t\t\t\t\t\t\t\t\t<option value=\"7\" >7<\/option>\n\t\t\t\t\t\t\t\t\t<option value=\"8\" >8<\/option>\n\t\t\t\t\t\t\t\t\t<option value=\"9\" >9<\/option>\n\t\t\t\t\t\t\t\t\t<option value=\"10\" >10<\/option>\n\t\t\t\t\t\t\t\t\t<option value=\"11\" >11<\/option>\n\t\t\t\t\t\t\t\t\t<option value=\"12\" >12<\/option>\n\t\t\t\t\t\t\t\t\t<option value=\"13\" >13<\/option>\n\t\t\t\t\t\t\t\t\t<option value=\"14\" >14<\/option>\n\t\t\t\t\t\t\t\t\t<option value=\"15\" >15<\/option>\n\t\t\t\t\t\t\t\t\t<option value=\"16\" >16<\/option>\n\t\t\t\t\t\t\t\t\t<option value=\"17\" >17<\/option>\n\t\t\t\t\t\t\t\t\t<option value=\"18\" >18<\/option>\n\t\t\t\t\t\t\t\t\t<option value=\"19\" >19<\/option>\n\t\t\t\t\t\t\t\t\t<option value=\"20\" >20<\/option>\n\t\t\t\t\t\t\t<\/select>\n\t\t<\/p>\n\t\n\t\n\t\n\t<input id=\"mphb_check_in_date-mphb-search-form-69f3f5969d7ba-hidden\" value=\"\" type=\"hidden\" name=\"mphb_check_in_date\" \/><input id=\"mphb_check_out_date-mphb-search-form-69f3f5969d7ba-hidden\" value=\"\" type=\"hidden\" name=\"mphb_check_out_date\" \/>\n\t<p class=\"mphb_sc_search-submit-button-wrapper\">\n\t\t<input type=\"submit\" class=\"button\" value=\"Chercher\"\/>\n\t<\/p>\n\n\t\n<\/form>\n<\/div>\n\n\n<h2 class=\"wp-block-heading\">R\u00e9servez Votre Chalet de Ski \u00e0 Valloire &amp; Valmeinier<\/h2>\n\n\n\n<p>Trouvez et r\u00e9servez votre chalet de ski id\u00e9al dans les meilleures stations de Maurienne. Disponibilit\u00e9s en temps r\u00e9el, r\u00e9servation s\u00e9curis\u00e9e.<\/p>\n\n\n\n<h3 class=\"wp-block-heading\">Nos Stations de Ski Disponibles<\/h3>\n\n\n\n<p><strong>Valloire<\/strong> &#8211; Station familiale avec 150 km de pistes<\/p>\n\n\n\n<ul>\n<li>Chalets cosy avec chemin\u00e9e<\/li>\n\n\n\n<li>Appartements vue montagne<\/li>\n\n\n\n<li>Acc\u00e8s direct aux remont\u00e9es m\u00e9caniques<\/li>\n<\/ul>\n\n\n\n<p><strong>Valmeinier<\/strong> &#8211; Station authentique \u00e0 1500m d&rsquo;altitude<\/p>\n\n\n\n<ul>\n<li>Chalets traditionnels savoyards<\/li>\n\n\n\n<li>Appartements modernes<\/li>\n\n\n\n<li>Domaine skiable Galibier-Thabor<\/li>\n<\/ul>\n\n\n\n<p><strong>Saint-Fran\u00e7ois-Longchamp<\/strong> &#8211; Station moderne et dynamique<\/p>\n\n\n\n<ul>\n<li>Chalets contemporains<\/li>\n\n\n\n<li>Appartements haut de gamme<\/li>\n\n\n\n<li>Grand Domaine (165 km de pistes)<\/li>\n<\/ul>\n\n\n\n<p><strong>Notre-Dame-du-Cruet<\/strong> &#8211; Village traditionnel de Maurienne<\/p>\n\n\n\n<ul>\n<li>Chalets authentiques<\/li>\n\n\n\n<li>Appartements familiaux<\/li>\n\n\n\n<li>Ambiance villageoise<\/li>\n<\/ul>\n\n\n\n<h3 class=\"wp-block-heading\">Comment R\u00e9server ?<\/h3>\n\n\n\n<ol>\n<li><strong>S\u00e9lectionnez vos dates<\/strong> dans le formulaire ci-dessous<\/li>\n\n\n\n<li><strong>Choisissez votre station<\/strong> pr\u00e9f\u00e9r\u00e9e<\/li>\n\n\n\n<li><strong>Consultez les disponibilit\u00e9s<\/strong> en temps r\u00e9el<\/li>\n\n\n\n<li><strong>R\u00e9servez en ligne<\/strong> de mani\u00e8re s\u00e9curis\u00e9e<\/li>\n<\/ol>\n\n\n\n<h3 class=\"wp-block-heading\">Avantages de Notre Service<\/h3>\n\n\n\n<p>\u2705 <strong>Disponibilit\u00e9s en temps r\u00e9el<\/strong> &#8211; Pas de mauvaises surprises<br>\u2705 <strong>Paiement s\u00e9curis\u00e9<\/strong> &#8211; Transaction prot\u00e9g\u00e9e<br>\u2705 <strong>Conciergerie 7j\/7<\/strong> &#8211; Support local r\u00e9actif<br>\u2705 <strong>Propri\u00e9t\u00e9s v\u00e9rifi\u00e9es<\/strong> &#8211; Qualit\u00e9 garantie<\/p>\n\n\n\n<p><strong>Besoin d&rsquo;aide ?<\/strong> <a href=\"https:\/\/conciergerie-immobiliere.fr\/index.php\/contact-2\/\" title=\"\">Contactez-nous<\/a> ou d\u00e9couvrez <a href=\"https:\/\/conciergerie-immobiliere.fr\/index.php\/nos-locations\/\">toutes nos locations<\/a>.<\/p>\n\n\n\n<hr class=\"wp-block-separator has-alpha-channel-opacity\"\/>\n","protected":false},"excerpt":{"rendered":"<p>R\u00e9servez Votre Chalet de Ski \u00e0 Valloire &amp; Valmeinier Trouvez et r\u00e9servez votre chalet de ski id\u00e9al dans les meilleures stations de Maurienne. Disponibilit\u00e9s en temps r\u00e9el, r\u00e9servation s\u00e9curis\u00e9e. Nos Stations de Ski Disponibles Valloire &#8211; Station familiale avec 150 km de pistes Valmeinier &#8211; Station authentique \u00e0 1500m d&rsquo;altitude Saint-Fran\u00e7ois-Longchamp &#8211; Station moderne et [&hellip;]<\/p>\n","protected":false},"author":1,"featured_media":0,"parent":0,"menu_order":0,"comment_status":"closed","ping_status":"closed","template":"","meta":{"om_disable_all_campaigns":false,"inline_featured_image":false,"_monsterinsights_skip_tracking":false,"_monsterinsights_sitenote_active":false,"_monsterinsights_sitenote_note":"","_monsterinsights_sitenote_category":0,"footnotes":""},"aioseo_notices":[],"_links":{"self":[{"href":"https:\/\/conciergerie-immobiliere.fr\/index.php\/wp-json\/wp\/v2\/pages\/1320"}],"collection":[{"href":"https:\/\/conciergerie-immobiliere.fr\/index.php\/wp-json\/wp\/v2\/pages"}],"about":[{"href":"https:\/\/conciergerie-immobiliere.fr\/index.php\/wp-json\/wp\/v2\/types\/page"}],"author":[{"embeddable":true,"href":"https:\/\/conciergerie-immobiliere.fr\/index.php\/wp-json\/wp\/v2\/users\/1"}],"replies":[{"embeddable":true,"href":"https:\/\/conciergerie-immobiliere.fr\/index.php\/wp-json\/wp\/v2\/comments?post=1320"}],"version-history":[{"count":5,"href":"https:\/\/conciergerie-immobiliere.fr\/index.php\/wp-json\/wp\/v2\/pages\/1320\/revisions"}],"predecessor-version":[{"id":7056,"href":"https:\/\/conciergerie-immobiliere.fr\/index.php\/wp-json\/wp\/v2\/pages\/1320\/revisions\/7056"}],"wp:attachment":[{"href":"https:\/\/conciergerie-immobiliere.fr\/index.php\/wp-json\/wp\/v2\/media?parent=1320"}],"curies":[{"name":"wp","href":"https:\/\/api.w.org\/{rel}","templated":true}]}}