{"id":1323,"date":"2023-09-06T13:30:31","date_gmt":"2023-09-06T11:30:31","guid":{"rendered":"https:\/\/themes.getmotopress.com\/booklium-default\/booking-confirmation\/booking-canceled\/"},"modified":"2023-09-14T19:25:57","modified_gmt":"2023-09-14T17:25:57","slug":"booking-canceled-2","status":"publish","type":"page","link":"https:\/\/conciergerie-immobiliere.fr\/index.php\/booking-confirmation\/booking-canceled-2\/","title":{"rendered":"R\u00e9servation annul\u00e9e"},"content":{"rendered":"\n<p>Vous allez recevoir un mail de confirmation d&rsquo;ici quelques instants.<\/p>\n\n\n<div class=\"mphb_sc_booking_confirmation\"><\/div>\n","protected":false},"excerpt":{"rendered":"<p>Votre r\u00e9servation a bien \u00e9t\u00e9 annul\u00e9e.<\/p>\n","protected":false},"author":1,"featured_media":0,"parent":587,"menu_order":0,"comment_status":"closed","ping_status":"closed","template":"","meta":{"om_disable_all_campaigns":false,"inline_featured_image":false,"_monsterinsights_skip_tracking":false,"_monsterinsights_sitenote_active":false,"_monsterinsights_sitenote_note":"","_monsterinsights_sitenote_category":0,"footnotes":""},"aioseo_notices":[],"_links":{"self":[{"href":"https:\/\/conciergerie-immobiliere.fr\/index.php\/wp-json\/wp\/v2\/pages\/1323"}],"collection":[{"href":"https:\/\/conciergerie-immobiliere.fr\/index.php\/wp-json\/wp\/v2\/pages"}],"about":[{"href":"https:\/\/conciergerie-immobiliere.fr\/index.php\/wp-json\/wp\/v2\/types\/page"}],"author":[{"embeddable":true,"href":"https:\/\/conciergerie-immobiliere.fr\/index.php\/wp-json\/wp\/v2\/users\/1"}],"replies":[{"embeddable":true,"href":"https:\/\/conciergerie-immobiliere.fr\/index.php\/wp-json\/wp\/v2\/comments?post=1323"}],"version-history":[{"count":6,"href":"https:\/\/conciergerie-immobiliere.fr\/index.php\/wp-json\/wp\/v2\/pages\/1323\/revisions"}],"predecessor-version":[{"id":1724,"href":"https:\/\/conciergerie-immobiliere.fr\/index.php\/wp-json\/wp\/v2\/pages\/1323\/revisions\/1724"}],"up":[{"embeddable":true,"href":"https:\/\/conciergerie-immobiliere.fr\/index.php\/wp-json\/wp\/v2\/pages\/587"}],"wp:attachment":[{"href":"https:\/\/conciergerie-immobiliere.fr\/index.php\/wp-json\/wp\/v2\/media?parent=1323"}],"curies":[{"name":"wp","href":"https:\/\/api.w.org\/{rel}","templated":true}]}}