{"id":1720,"date":"2023-09-14T19:26:03","date_gmt":"2023-09-14T17:26:03","guid":{"rendered":"https:\/\/conciergerie-immobiliere.fr\/?page_id=1720"},"modified":"2023-09-14T19:39:42","modified_gmt":"2023-09-14T17:39:42","slug":"annuler-votre-reservation","status":"publish","type":"page","link":"https:\/\/conciergerie-immobiliere.fr\/index.php\/booking-confirmation\/annuler-votre-reservation\/","title":{"rendered":"Annuler votre r\u00e9servation"},"content":{"rendered":"\n<p>\u00cates-vous s\u00fbrs de vouloir annuler votre s\u00e9jour?<\/p>\n\n\n\n<div style=\"height:32px\" aria-hidden=\"true\" class=\"wp-block-spacer\"><\/div>\n\n\n\n<div class=\"wp-block-buttons is-content-justification-center is-layout-flex wp-container-core-buttons-layout-1 wp-block-buttons-is-layout-flex\">\n<div class=\"wp-block-button\"><a class=\"wp-block-button__link has-tangerine-yellow-background-color has-background has-text-align-center wp-element-button\" href=\"https:\/\/conciergerie-immobiliere.fr\/index.php\/booking-confirmation\/booking-canceled-2\/\">ANNULER<\/a><\/div>\n<\/div>\n\n\n\n<div style=\"height:64px\" aria-hidden=\"true\" class=\"wp-block-spacer\"><\/div>\n\n\n\n<p class=\"has-small-font-size\"><em>Conform\u00e9ment \u00e0 nos <a href=\"https:\/\/conciergerie-immobiliere.fr\/index.php\/conditions-generales-de-vente\/\">Conditions G\u00e9n\u00e9rales de Vente<\/a>, l&rsquo;annulation de votre s\u00e9jour n&rsquo;implique pas forc\u00e9ment le remboursement des sommes engag\u00e9es. N&rsquo;h\u00e9sitez pas \u00e0 <a href=\"https:\/\/conciergerie-immobiliere.fr\/index.php\/contact-2\/\">nous contacter<\/a> pour plus d&rsquo;information.<\/em><\/p>\n","protected":false},"excerpt":{"rendered":"<p>\u00cates-vous s\u00fbrs de vouloir annuler votre s\u00e9jour? Conform\u00e9ment \u00e0 nos Conditions G\u00e9n\u00e9rales de Vente, l&rsquo;annulation de votre s\u00e9jour n&rsquo;implique pas forc\u00e9ment le remboursement des sommes engag\u00e9es. N&rsquo;h\u00e9sitez pas \u00e0 nous contacter pour plus d&rsquo;information.<\/p>\n","protected":false},"author":1,"featured_media":0,"parent":587,"menu_order":0,"comment_status":"closed","ping_status":"closed","template":"","meta":{"om_disable_all_campaigns":false,"inline_featured_image":false,"_monsterinsights_skip_tracking":false,"_monsterinsights_sitenote_active":false,"_monsterinsights_sitenote_note":"","_monsterinsights_sitenote_category":0,"footnotes":""},"aioseo_notices":[],"_links":{"self":[{"href":"https:\/\/conciergerie-immobiliere.fr\/index.php\/wp-json\/wp\/v2\/pages\/1720"}],"collection":[{"href":"https:\/\/conciergerie-immobiliere.fr\/index.php\/wp-json\/wp\/v2\/pages"}],"about":[{"href":"https:\/\/conciergerie-immobiliere.fr\/index.php\/wp-json\/wp\/v2\/types\/page"}],"author":[{"embeddable":true,"href":"https:\/\/conciergerie-immobiliere.fr\/index.php\/wp-json\/wp\/v2\/users\/1"}],"replies":[{"embeddable":true,"href":"https:\/\/conciergerie-immobiliere.fr\/index.php\/wp-json\/wp\/v2\/comments?post=1720"}],"version-history":[{"count":3,"href":"https:\/\/conciergerie-immobiliere.fr\/index.php\/wp-json\/wp\/v2\/pages\/1720\/revisions"}],"predecessor-version":[{"id":1725,"href":"https:\/\/conciergerie-immobiliere.fr\/index.php\/wp-json\/wp\/v2\/pages\/1720\/revisions\/1725"}],"up":[{"embeddable":true,"href":"https:\/\/conciergerie-immobiliere.fr\/index.php\/wp-json\/wp\/v2\/pages\/587"}],"wp:attachment":[{"href":"https:\/\/conciergerie-immobiliere.fr\/index.php\/wp-json\/wp\/v2\/media?parent=1720"}],"curies":[{"name":"wp","href":"https:\/\/api.w.org\/{rel}","templated":true}]}}