{"id":238,"date":"2019-08-20T11:29:12","date_gmt":"2019-08-20T09:29:12","guid":{"rendered":"https:\/\/themes.getmotopress.com\/booklium-default\/?page_id=238"},"modified":"2025-10-24T18:38:15","modified_gmt":"2025-10-24T16:38:15","slug":"a-propos","status":"publish","type":"page","link":"https:\/\/conciergerie-immobiliere.fr\/index.php\/a-propos\/","title":{"rendered":"A propos de nous"},"content":{"rendered":"\n<div class=\"wp-block-getwid-section alignfull is-style-default alignfull getwid-margin-top-none getwid-margin-bottom-none getwid-section-content-custom-width\"><div class=\"wp-block-getwid-section__wrapper getwid-padding-top-normal getwid-padding-left-normal getwid-padding-right-normal getwid-padding-mobile-left-small getwid-padding-mobile-right-small getwid-margin-left-none getwid-margin-right-none\" style=\"min-height:900px;padding-bottom:112px\"><div class=\"wp-block-getwid-section__inner-wrapper\"><div class=\"wp-block-getwid-section__background-holder\"><div class=\"wp-block-getwid-section__background\" style=\"background-image:url('https:\/\/conciergerie-immobiliere.fr\/wp-content\/uploads\/2023\/07\/nature-4046557-scaled-e1688486054979.jpg');background-position:bottom center\"><div class=\"wp-block-getwid-section__background-image-wrapper\"><img decoding=\"async\" class=\"wp-block-getwid-section__background-image\" src=\"https:\/\/conciergerie-immobiliere.fr\/wp-content\/uploads\/2023\/07\/nature-4046557-scaled-e1688486054979.jpg\" alt=\"\"\/><\/div><\/div><div class=\"wp-block-getwid-section__foreground\" style=\"opacity:0.5;background-color:#252e59;mix-blend-mode:multiply\"><\/div><\/div><div class=\"wp-block-getwid-section__content\"><div class=\"wp-block-getwid-section__inner-content\">\n<div class=\"wp-block-columns has-3-columns is-layout-flex wp-container-core-columns-layout-1 wp-block-columns-is-layout-flex\">\n<div class=\"wp-block-column is-layout-flow wp-block-column-is-layout-flow\">\n<div class=\"wp-block-getwid-advanced-heading\"><h2 class=\"wp-block-getwid-advanced-heading__content has-text-color has-white-color\">Pierre-Louis ARNOUL<\/h2><\/div>\n\n\n\n<p class=\"has-white-color has-text-color\"><em>Fondateur<\/em><\/p>\n\n\n\n<p><span style=\"color: #ffffff;\">Natif de la vall\u00e9e de la Maurienne, et moi-m\u00eame h\u00f4te de mon meubl\u00e9 de tourisme sur la station de <a style=\"color: #ffffff;\" href=\"https:\/\/conciergerie-immobiliere.fr\/index.php\/locations-sfl\/\">Saint-Fran\u00e7ois-Longchamp<\/a>, j&rsquo;ai eu l&rsquo;occasion \u00e0 de nombreuses reprises d&rsquo;\u00eatre confront\u00e9 aux difficult\u00e9s que rencontrent les propri\u00e9taires et du temps que cela demande. Aujourd&rsquo;hui dipl\u00f4m\u00e9, c&rsquo;est tout naturellement que j&rsquo;ai d\u00e9cid\u00e9 de cr\u00e9er une conciergerie active sur la Maurienne, notamment \u00e0 <a style=\"color: #ffffff;\" href=\"https:\/\/conciergerie-immobiliere.fr\/index.php\/valloire\/\">Valloire<\/a> et <a style=\"color: #ffffff;\" href=\"https:\/\/conciergerie-immobiliere.fr\/index.php\/locations-valmeinier\/\">Valmeinier<\/a>.<\/span><\/p>\n<\/div>\n\n\n\n<div class=\"wp-block-column is-layout-flow wp-block-column-is-layout-flow\">\n<p style=\"text-align: center;\"><span style=\"color: #f9d311;\"><strong>La Conciergerie Immobili\u00e8re de Valmeinier<\/strong><\/span> <span style=\"color: #ffffff;\">est une entreprise jeune et dynamique. De ce fait nous avons d\u00e9velopp\u00e9 des services innovants pour la location saisonni\u00e8re et de courte dur\u00e9e.<\/span><\/p>\n<p style=\"text-align: center;\"><span style=\"color: #ffffff;\">Nous avons fait le choix de nous entourer d\u2019une \u00e9quipe locale et de collaborer avec les acteurs du secteur. Vous pouvez ainsi compter sur une \u00e9quipe de confiance, qui saura r\u00e9pondre \u00e0 toutes vos attentes.<\/span><\/p>\n<p><span style=\"color: #ffffff;\"><strong>Notre objectif:<\/strong> travailler main dans la main avec vous, afin que vos locations de chalets soient optimis\u00e9es et que vos vacanciers soient \u00e9merveill\u00e9s par leur s\u00e9jour \u00e0 la montagne ! D\u00e9couvrez <a style=\"color: #ffffff;\" href=\"https:\/\/conciergerie-immobiliere.fr\/index.php\/nos-locations\/\">toutes nos locations<\/a> ou <a style=\"color: #ffffff;\" href=\"https:\/\/conciergerie-immobiliere.fr\/index.php\/contact-2\/\">contactez-nous<\/a>\u00a0pour plus d&rsquo;informations.<\/span><\/p>\n<\/div>\n<\/div>\n\n\n\n<div class=\"wp-block-getwid-section getwid-section-content-custom-width\"><div class=\"wp-block-getwid-section__wrapper getwid-padding-top-none getwid-padding-bottom-none getwid-padding-left-none getwid-padding-right-none getwid-justify-content-flex-start\"><div class=\"wp-block-getwid-section__inner-wrapper\" style=\"max-width:1000px\"><div class=\"wp-block-getwid-section__background-holder\"><div class=\"wp-block-getwid-section__background\"><\/div><div class=\"wp-block-getwid-section__foreground\"><\/div><\/div><div class=\"wp-block-getwid-section__content\"><div class=\"wp-block-getwid-section__inner-content\"><\/div><\/div><\/div><\/div><\/div>\n<\/div><\/div><\/div><\/div><\/div>\n\n\n\n<div style=\"height:61px\" aria-hidden=\"true\" class=\"wp-block-spacer\"><\/div>\n\n\n\n<div class=\"wp-block-getwid-advanced-heading\" style=\"margin-bottom:5px;margin-top:46px\"><h2 class=\"wp-block-getwid-advanced-heading__content\" style=\"text-align:center\">Nos engagements<\/h2><\/div>\n\n\n\n<div style=\"height:51px\" aria-hidden=\"true\" class=\"wp-block-spacer\"><\/div>\n\n\n\n<div class=\"wp-block-columns has-3-columns is-layout-flex wp-container-core-columns-layout-2 wp-block-columns-is-layout-flex\">\n<div class=\"wp-block-column is-layout-flow wp-block-column-is-layout-flow\">\n<div class=\"wp-block-getwid-section is-style-with-shadow is-style-fit-parent\"><div class=\"wp-block-getwid-section__wrapper getwid-padding-top-medium getwid-padding-bottom-medium getwid-padding-left-medium getwid-padding-right-medium getwid-align-items-flex-start\"><div class=\"wp-block-getwid-section__inner-wrapper\"><div class=\"wp-block-getwid-section__background-holder\"><div class=\"wp-block-getwid-section__background has-background has-white-background-color\"><\/div><div class=\"wp-block-getwid-section__foreground\"><\/div><\/div><div class=\"wp-block-getwid-section__content\"><div class=\"wp-block-getwid-section__inner-content\">\n<div class=\"wp-block-getwid-image-box getwid-animation has-text-center has-mobile-layout-default has-mobile-alignment-default\" data-animation=\"slideBottom\"><div style=\"margin-bottom:30px\" class=\"wp-block-getwid-image-box__image-container is-position-top\"><a href=\"#\" class=\"wp-block-getwid-image-box__image-wrapper\"><img loading=\"lazy\" decoding=\"async\" width=\"66\" height=\"64\" src=\"https:\/\/conciergerie-immobiliere.fr\/wp-content\/uploads\/2019\/09\/list-your-property1.png\" alt=\"\" class=\"wp-block-getwid-image-box__image wp-image-1282\"\/><\/a><\/div><div class=\"wp-block-getwid-image-box__content\">\n<div class=\"wp-block-getwid-advanced-heading\" style=\"margin-bottom:10px\"><h4 class=\"wp-block-getwid-advanced-heading__content\">DISPONIBILIT\u00c9<\/h4><\/div>\n\n\n\n<p class=\"has-small-font-size\">Au del\u00e0 de l&rsquo;aspect professionnel nous sommes l\u00e0 pour r\u00e9pondre \u00e0 vos interrogations et vous aider \u00e0 optimiser vos locations.<\/p>\n<\/div><\/div>\n<\/div><\/div><\/div><\/div><\/div>\n<\/div>\n\n\n\n<div class=\"wp-block-column is-layout-flow wp-block-column-is-layout-flow\">\n<div class=\"wp-block-getwid-section is-style-with-shadow is-style-fit-parent\"><div class=\"wp-block-getwid-section__wrapper getwid-padding-top-medium getwid-padding-bottom-medium getwid-padding-left-medium getwid-padding-right-medium getwid-align-items-flex-start\"><div class=\"wp-block-getwid-section__inner-wrapper\"><div class=\"wp-block-getwid-section__background-holder\"><div class=\"wp-block-getwid-section__background has-background has-white-background-color\"><\/div><div class=\"wp-block-getwid-section__foreground\"><\/div><\/div><div class=\"wp-block-getwid-section__content\"><div class=\"wp-block-getwid-section__inner-content\">\n<div class=\"wp-block-getwid-image-box getwid-animation has-text-center has-mobile-layout-default has-mobile-alignment-default\" data-animation=\"slideBottom\"><div style=\"margin-bottom:30px\" class=\"wp-block-getwid-image-box__image-container is-position-top\"><a href=\"#\" class=\"wp-block-getwid-image-box__image-wrapper\"><img loading=\"lazy\" decoding=\"async\" width=\"66\" height=\"64\" src=\"https:\/\/conciergerie-immobiliere.fr\/wp-content\/uploads\/2019\/09\/trustsafety1.png\" alt=\"\" class=\"wp-block-getwid-image-box__image wp-image-1284\"\/><\/a><\/div><div class=\"wp-block-getwid-image-box__content\">\n<div class=\"wp-block-getwid-advanced-heading\" style=\"margin-bottom:10px\"><h4 class=\"wp-block-getwid-advanced-heading__content\">R\u00c9ACTIVIT\u00c9<\/h4><\/div>\n\n\n\n<p class=\"has-small-font-size\">Nous nous engageons \u00e0 prendre en charge et \u00e0 traiter toutes vos interrogations, ainsi que celles de vos locataires dans les plus brefs d\u00e9lais.<\/p>\n<\/div><\/div>\n<\/div><\/div><\/div><\/div><\/div>\n<\/div>\n<\/div>\n\n\n\n<div style=\"height:22px\" aria-hidden=\"true\" class=\"wp-block-spacer\"><\/div>\n\n\n\n<div class=\"wp-block-columns has-3-columns is-layout-flex wp-container-core-columns-layout-3 wp-block-columns-is-layout-flex\">\n<div class=\"wp-block-column is-layout-flow wp-block-column-is-layout-flow\">\n<div class=\"wp-block-getwid-section is-style-with-shadow is-style-fit-parent\"><div class=\"wp-block-getwid-section__wrapper getwid-padding-top-medium getwid-padding-bottom-medium getwid-padding-left-medium getwid-padding-right-medium getwid-align-items-flex-start\"><div class=\"wp-block-getwid-section__inner-wrapper\"><div class=\"wp-block-getwid-section__background-holder\"><div class=\"wp-block-getwid-section__background has-background has-white-background-color\"><\/div><div class=\"wp-block-getwid-section__foreground\"><\/div><\/div><div class=\"wp-block-getwid-section__content\"><div class=\"wp-block-getwid-section__inner-content\">\n<div class=\"wp-block-getwid-image-box getwid-animation has-text-center has-mobile-layout-default has-mobile-alignment-default\" data-animation=\"slideBottom\"><div style=\"margin-bottom:30px\" class=\"wp-block-getwid-image-box__image-container is-position-top\"><a href=\"#\" class=\"wp-block-getwid-image-box__image-wrapper\"><img loading=\"lazy\" decoding=\"async\" width=\"64\" height=\"64\" src=\"https:\/\/conciergerie-immobiliere.fr\/wp-content\/uploads\/2019\/09\/openness1.png\" alt=\"\" class=\"wp-block-getwid-image-box__image wp-image-1285\"\/><\/a><\/div><div class=\"wp-block-getwid-image-box__content\">\n<div class=\"wp-block-getwid-advanced-heading\" style=\"margin-bottom:10px\"><h4 class=\"wp-block-getwid-advanced-heading__content\">S\u00c9R\u00c9NIT\u00c9<\/h4><\/div>\n\n\n\n<p class=\"has-small-font-size\">Fini le stress des d\u00e9parts et arriv\u00e9es \u00e0 l&rsquo;heure, nous nous occupons de tout!<br><br>Louez l&rsquo;esprit l\u00e9ger!<\/p>\n<\/div><\/div>\n<\/div><\/div><\/div><\/div><\/div>\n<\/div>\n\n\n\n<div class=\"wp-block-column is-layout-flow wp-block-column-is-layout-flow\">\n<div class=\"wp-block-getwid-section is-style-with-shadow is-style-fit-parent\"><div class=\"wp-block-getwid-section__wrapper getwid-padding-top-medium getwid-padding-bottom-medium getwid-padding-left-medium getwid-padding-right-medium getwid-align-items-flex-start\"><div class=\"wp-block-getwid-section__inner-wrapper\"><div class=\"wp-block-getwid-section__background-holder\"><div class=\"wp-block-getwid-section__background has-background has-white-background-color\"><\/div><div class=\"wp-block-getwid-section__foreground\"><\/div><\/div><div class=\"wp-block-getwid-section__content\"><div class=\"wp-block-getwid-section__inner-content\">\n<div class=\"wp-block-getwid-image-box getwid-animation has-text-center has-mobile-layout-default has-mobile-alignment-default\" data-animation=\"slideBottom\"><div style=\"margin-bottom:30px\" class=\"wp-block-getwid-image-box__image-container is-position-top\"><a href=\"#\" class=\"wp-block-getwid-image-box__image-wrapper\"><img decoding=\"async\" src=\"https:\/\/conciergerie-immobiliere.fr\/wp-content\/uploads\/2019\/09\/quality1.png\" alt=\"\" class=\"wp-block-getwid-image-box__image wp-image-848\"\/><\/a><\/div><div class=\"wp-block-getwid-image-box__content\">\n<div class=\"wp-block-getwid-advanced-heading\" style=\"margin-bottom:10px\"><h4 class=\"wp-block-getwid-advanced-heading__content\">SATISFACTION<\/h4><\/div>\n\n\n\n<p class=\"has-small-font-size\">Vous et vos locataires \u00eatre notre priorit\u00e9.<br>Vous satisfaire est notre m\u00e9tier.<br><br><\/p>\n<\/div><\/div>\n<\/div><\/div><\/div><\/div><\/div>\n<\/div>\n<\/div>\n\n\n\n<div style=\"height:56px\" aria-hidden=\"true\" class=\"wp-block-spacer\"><\/div>\n\n\n\n<hr class=\"wp-block-separator has-css-opacity is-style-wide\"\/>\n","protected":false},"excerpt":{"rendered":"","protected":false},"author":1,"featured_media":0,"parent":0,"menu_order":0,"comment_status":"closed","ping_status":"closed","template":"template-wide-page.php","meta":{"om_disable_all_campaigns":false,"inline_featured_image":false,"_monsterinsights_skip_tracking":false,"_monsterinsights_sitenote_active":false,"_monsterinsights_sitenote_note":"","_monsterinsights_sitenote_category":0,"footnotes":""},"aioseo_notices":[],"_links":{"self":[{"href":"https:\/\/conciergerie-immobiliere.fr\/index.php\/wp-json\/wp\/v2\/pages\/238"}],"collection":[{"href":"https:\/\/conciergerie-immobiliere.fr\/index.php\/wp-json\/wp\/v2\/pages"}],"about":[{"href":"https:\/\/conciergerie-immobiliere.fr\/index.php\/wp-json\/wp\/v2\/types\/page"}],"author":[{"embeddable":true,"href":"https:\/\/conciergerie-immobiliere.fr\/index.php\/wp-json\/wp\/v2\/users\/1"}],"replies":[{"embeddable":true,"href":"https:\/\/conciergerie-immobiliere.fr\/index.php\/wp-json\/wp\/v2\/comments?post=238"}],"version-history":[{"count":11,"href":"https:\/\/conciergerie-immobiliere.fr\/index.php\/wp-json\/wp\/v2\/pages\/238\/revisions"}],"predecessor-version":[{"id":6948,"href":"https:\/\/conciergerie-immobiliere.fr\/index.php\/wp-json\/wp\/v2\/pages\/238\/revisions\/6948"}],"wp:attachment":[{"href":"https:\/\/conciergerie-immobiliere.fr\/index.php\/wp-json\/wp\/v2\/media?parent=238"}],"curies":[{"name":"wp","href":"https:\/\/api.w.org\/{rel}","templated":true}]}}