{"id":277,"date":"2019-08-20T12:22:58","date_gmt":"2019-08-20T10:22:58","guid":{"rendered":"https:\/\/themes.getmotopress.com\/booklium-default\/?page_id=277"},"modified":"2025-10-25T02:33:53","modified_gmt":"2025-10-25T00:33:53","slug":"politique-de-confidentialite","status":"publish","type":"page","link":"https:\/\/conciergerie-immobiliere.fr\/index.php\/politique-de-confidentialite\/","title":{"rendered":"Politique de confidentialit\u00e9"},"content":{"rendered":"\n<h2 class=\"wp-block-heading alignwide\">H\u00c9BERGEUR<\/h2>\n\n\n\n<div class=\"wp-block-group alignwide is-layout-constrained wp-block-group-is-layout-constrained\"><div class=\"wp-block-group__inner-container\">\n<p>Soci\u00e9t\u00e9: HOSTINGER<br>Adresse: 143 rue Emile Julien &#8211; 34070 Montpellier<br>SIRET: 447 656 497 00024<br>APE: 6311Z<\/p>\n<\/div><\/div>\n\n\n\n<div style=\"height:34px\" aria-hidden=\"true\" class=\"wp-block-spacer\"><\/div>\n\n\n\n<h2 class=\"wp-block-heading alignwide\">\u00c9DITEUR<\/h2>\n\n\n\n<div class=\"wp-block-group alignwide is-layout-constrained wp-block-group-is-layout-constrained\"><div class=\"wp-block-group__inner-container\">\n<p>Soci\u00e9t\u00e9: La Conciergerie Immobili\u00e8re de Valmeinier<br>Adresse: 318 rue du Centre &#8211; 73450 Valmeinier<br>T\u00e9l\u00e9phone &amp; mail: +33 7 86 33 06 83 \/ civalmeinier@outlook.com <br>SIRET: 913 686 846 00027<\/p>\n<\/div><\/div>\n\n\n\n<div style=\"height:34px\" aria-hidden=\"true\" class=\"wp-block-spacer\"><\/div>\n\n\n\n<h2 class=\"wp-block-heading alignwide\">DONN\u00c9ES PERSONNELLES<\/h2>\n\n\n\n<div class=\"wp-block-group alignwide is-layout-constrained wp-block-group-is-layout-constrained\"><div class=\"wp-block-group__inner-container\">\n<p>Nous collectons les cat\u00e9gories de donn\u00e9es suivantes:<\/p>\n<\/div><\/div>\n\n\n\n<div class=\"wp-block-group alignwide is-layout-constrained wp-block-group-is-layout-constrained\"><div class=\"wp-block-group__inner-container\">\n<p><mark style=\"background-color:rgba(0, 0, 0, 0)\" class=\"has-inline-color has-white-color\">___<\/mark> <strong>\u2022 Identit\u00e9 et coordonn\u00e9es:<\/strong> nom et pr\u00e9nom, adresse, num\u00e9ro de t\u00e9l\u00e9phone, et\/ou adresse e-mail, lorsque vous d\u00e9cidez de les communiquer, par exemple pour envoyer une demande via le formulaire de contact ou pour cr\u00e9er un compte en ligne;<\/p>\n<\/div><\/div>\n\n\n\n<div class=\"wp-block-group alignwide is-layout-constrained wp-block-group-is-layout-constrained\"><div class=\"wp-block-group__inner-container\">\n<p><mark style=\"background-color:rgba(0, 0, 0, 0)\" class=\"has-inline-color has-white-color\">___ <\/mark><strong>\u2022 Informations de paiement: <\/strong>num\u00e9ros de carte bancaire, de compte bancaire, les informations du compte PayPal ou autres informations de paiement que vous devez fournir pour payer les produits ou services lors d&rsquo;une r\u00e9servation sur notre site internet;<\/p>\n<\/div><\/div>\n\n\n\n<div class=\"wp-block-group alignwide is-layout-constrained wp-block-group-is-layout-constrained\"><div class=\"wp-block-group__inner-container\">\n<p><mark style=\"background-color:rgba(0, 0, 0, 0)\" class=\"has-inline-color has-white-color\">___ <\/mark><strong>\u2022 Informations d\u00e9mographiques:<\/strong> votre sexe et votre date de naissance ;<\/p>\n\n\n\n<p><mark style=\"background-color:rgba(0, 0, 0, 0)\" class=\"has-inline-color has-white-color\">___<\/mark> <strong>\u2022 Informations que vous communiquez publiquement:<\/strong> pour donner votre avis sur un h\u00e9bergement sur notre site internet<\/p>\n\n\n\n<p><mark style=\"background-color:rgba(0, 0, 0, 0)\" class=\"has-inline-color has-white-color\">___ <\/mark><strong>\u2022 Informations relatives \u00e0 vos achats en ligne:<\/strong> type, quantit\u00e9 de produits achet\u00e9s et leurs prix;<\/p>\n\n\n\n<p><mark style=\"background-color:rgba(0, 0, 0, 0)\" class=\"has-inline-color has-white-color\">___ <\/mark><strong>\u2022 Informations sur votre navigateur<\/strong> et votre comportement de navigation;<\/p>\n\n\n\n<p>Nous collectons \u00e9galement, sur les sites internet de tiers ou les r\u00e9seaux sociaux, des informations publi\u00e9es par des personnes \u00e0 propos de nos produits ou services, pour les finalit\u00e9s d\u00e9crites ci-apr\u00e8s.<\/p>\n\n\n\n<p>Si vous ne souhaitez pas soumettre de donn\u00e9es vous concernant alors que celles-ci sont n\u00e9cessaires \u00e0 l\u2019ex\u00e9cution d\u2019un contrat ou d\u2019un service que vous sollicitez, ou lorsqu\u2019elles sont requises par la loi, vous ne pourrez pas recevoir le produit ou le service demand\u00e9.<\/p>\n<\/div><\/div>\n\n\n\n<div style=\"height:34px\" aria-hidden=\"true\" class=\"wp-block-spacer\"><\/div>\n\n\n\n<h2 class=\"wp-block-heading alignwide\">UTILISATION DE VOS DONN\u00c9ES PERSONNELLES<\/h2>\n\n\n\n<div class=\"wp-block-group alignwide is-layout-constrained wp-block-group-is-layout-constrained\"><div class=\"wp-block-group__inner-container\">\n<p><mark style=\"background-color:rgba(0, 0, 0, 0)\" class=\"has-inline-color has-white-color\">___<\/mark> <strong>\u2022 Am\u00e9liorer notre site internet et nos services: <\/strong>nous utilisons vos donn\u00e9es personnelles afin d&rsquo;am\u00e9liorer notre site et les services propos\u00e9s. Nous utilisons \u00e9galement vos donn\u00e9es afin de vous proposer une exp\u00e9rience personnalis\u00e9e adapt\u00e9e \u00e0 vos habitudes d&rsquo;utilisation, et pour ajuster nos activit\u00e9s marketing \u00e0 vos besoins et pr\u00e9f\u00e9rences, car il est dans notre int\u00e9r\u00eat de vous satisfaire et r\u00e9pondre \u00e0 vos attentes;<\/p>\n\n\n\n<p><mark style=\"background-color:rgba(0, 0, 0, 0)\" class=\"has-inline-color has-white-color\">___ <\/mark>\u2022<strong> R\u00e9pondre \u00e0 vos demandes:<\/strong> nous utilisons vos donn\u00e9es pour vous transmettre les renseignements n\u00e9cessaires, ou communiquer avec vous \u00e0 propos de vos r\u00e9servations ou de notre relation;<\/p>\n\n\n\n<p><mark style=\"background-color:rgba(0, 0, 0, 0)\" class=\"has-inline-color has-white-color\">___ <\/mark><strong>\u2022 \u00c0 des fins de s\u00e9curit\u00e9: <\/strong>nous traitons vos donn\u00e9es pour prot\u00e9ger notre soci\u00e9t\u00e9, nos clients, nos sites ou nos applications contre les risques de fraude, de vol ou tout acte r\u00e9pr\u00e9hensible pouvant affecter notre activit\u00e9 car il est de notre int\u00e9r\u00eat l\u00e9gitime d&rsquo;assurer la s\u00e9curit\u00e9 de nos activit\u00e9s en ligne comme hors ligne;<\/p>\n\n\n\n<p><mark style=\"background-color:rgba(0, 0, 0, 0)\" class=\"has-inline-color has-white-color\">___ <\/mark><strong>\u2022 \u00c0 des fins d&rsquo;analyse et statistiques:<\/strong> Nous r\u00e9alisons des analyses sur l&rsquo;e-r\u00e9putation de notre soci\u00e9t\u00e9 ou de nos produits, et mesurons l&rsquo;efficacit\u00e9 de nos campagnes ou \u00e9v\u00e9nements en ligne comme hors ligne, car il est dans notre int\u00e9r\u00eat l\u00e9gitime de pr\u00e9server l\u2019image de notre soci\u00e9t\u00e9 et am\u00e9liorer nos campagnes marketing ;\u00a0<\/p>\n\n\n\n<p><mark style=\"background-color:rgba(0, 0, 0, 0)\" class=\"has-inline-color has-white-color\">___<\/mark> <strong>\u2022 Autres finalit\u00e9s: <\/strong>nous conservons un historique des transactions et autres documents commerciaux pour r\u00e9pondre \u00e0 des exigences juridiques, administratives, aux besoins de nos assureurs, ou \u00e0 des fins d&rsquo;audit.\u00a0<\/p>\n<\/div><\/div>\n\n\n\n<div style=\"height:34px\" aria-hidden=\"true\" class=\"wp-block-spacer\"><\/div>\n\n\n\n<h2 class=\"wp-block-heading alignwide\">GESTION DES COOKIES<\/h2>\n\n\n\n<div class=\"wp-block-group alignwide is-layout-constrained wp-block-group-is-layout-constrained\"><div class=\"wp-block-group__inner-container\">\n<p>Vous avez la possibilit\u00e9 d&rsquo;accepter ou de refuser les cookies lors de votre connexion \u00e0 notre site internet<\/p>\n\n\n\n<p>Si vous vous connectez \u00e0 votre espace personnel ou d\u00e9posez un commentaire sur notre site, il vous sera propos\u00e9 d\u2019enregistrer votre nom, adresse e-mail et site dans les cookies. C\u2019est uniquement pour votre confort afin de ne pas avoir \u00e0 saisir ces informations la prochaine fois. Ces cookies expirent au bout d\u2019un an.<\/p>\n\n\n\n<p>Si vous vous rendez sur la page de connexion, un cookie temporaire sera cr\u00e9\u00e9 afin de d\u00e9terminer si votre navigateur accepte les cookies. Il ne contient pas de donn\u00e9es personnelles et sera supprim\u00e9 automatiquement \u00e0 la fermeture de votre navigateur.<\/p>\n\n\n\n<p>Lorsque vous vous connecterez, nous mettrons en place un certain nombre de cookies pour enregistrer vos informations de connexion et vos pr\u00e9f\u00e9rences d\u2019\u00e9cran. La dur\u00e9e de vie d\u2019un cookie de connexion est de deux jours, celle d\u2019un cookie d\u2019option d\u2019\u00e9cran est d\u2019un an. Si vous cochez \u00ab&nbsp;Se souvenir de moi&nbsp;\u00bb, votre cookie de connexion sera conserv\u00e9 pendant deux semaines. Si vous vous d\u00e9connectez de votre compte, le cookie de connexion sera effac\u00e9.<\/p>\n<\/div><\/div>\n","protected":false},"excerpt":{"rendered":"<p>Politique de confidentialit\u00e9 &#038; mentions l\u00e9gales propres \u00e0 l&rsquo;utilisation de vos donn\u00e9es personnelles.<\/p>\n","protected":false},"author":1,"featured_media":0,"parent":0,"menu_order":0,"comment_status":"closed","ping_status":"closed","template":"","meta":{"om_disable_all_campaigns":false,"inline_featured_image":false,"_monsterinsights_skip_tracking":false,"_monsterinsights_sitenote_active":false,"_monsterinsights_sitenote_note":"","_monsterinsights_sitenote_category":0,"footnotes":""},"aioseo_notices":[],"_links":{"self":[{"href":"https:\/\/conciergerie-immobiliere.fr\/index.php\/wp-json\/wp\/v2\/pages\/277"}],"collection":[{"href":"https:\/\/conciergerie-immobiliere.fr\/index.php\/wp-json\/wp\/v2\/pages"}],"about":[{"href":"https:\/\/conciergerie-immobiliere.fr\/index.php\/wp-json\/wp\/v2\/types\/page"}],"author":[{"embeddable":true,"href":"https:\/\/conciergerie-immobiliere.fr\/index.php\/wp-json\/wp\/v2\/users\/1"}],"replies":[{"embeddable":true,"href":"https:\/\/conciergerie-immobiliere.fr\/index.php\/wp-json\/wp\/v2\/comments?post=277"}],"version-history":[{"count":2,"href":"https:\/\/conciergerie-immobiliere.fr\/index.php\/wp-json\/wp\/v2\/pages\/277\/revisions"}],"predecessor-version":[{"id":7038,"href":"https:\/\/conciergerie-immobiliere.fr\/index.php\/wp-json\/wp\/v2\/pages\/277\/revisions\/7038"}],"wp:attachment":[{"href":"https:\/\/conciergerie-immobiliere.fr\/index.php\/wp-json\/wp\/v2\/media?parent=277"}],"curies":[{"name":"wp","href":"https:\/\/api.w.org\/{rel}","templated":true}]}}