{"id":3980,"date":"2024-11-03T15:06:19","date_gmt":"2024-11-03T14:06:19","guid":{"rendered":"https:\/\/conciergerie-immobiliere.fr\/?page_id=3980"},"modified":"2025-10-25T02:29:58","modified_gmt":"2025-10-25T00:29:58","slug":"location-ndc","status":"publish","type":"page","link":"https:\/\/conciergerie-immobiliere.fr\/index.php\/location-ndc\/","title":{"rendered":"Notre-Dame-du-Cruet"},"content":{"rendered":"\n<p>D\u00e9couvrez nos chalets &amp; appartements disponibles \u00e0 la location \u00e0 Notre-Dame-du-Cruet<\/p>\n\n\n\n<div style=\"height:52px\" aria-hidden=\"true\" class=\"wp-block-spacer\"><\/div>\n\n\n<div class=\"mphb_sc_rooms-wrapper mphb-room-types is-style-minimalistic-high alignwide\"><p class=\"mphb-not-found\">\n\tAucune chambre correspondant aux crit\u00e8res.<\/p><\/div>\n\n\n<div class=\"wp-block-group is-layout-constrained wp-block-group-is-layout-constrained\"><div class=\"wp-block-group__inner-container\">\n<div class=\"wp-block-columns is-layout-flex wp-container-core-columns-layout-1 wp-block-columns-is-layout-flex\">\n<div class=\"wp-block-column is-layout-flow wp-block-column-is-layout-flow\" style=\"flex-basis:100%\"><\/div>\n<\/div>\n<\/div><\/div>\n\n\n\n<p class=\"has-text-align-center has-small-font-size\"><em>Vous ne trouvez pas votre bonheur? N\u2019h\u00e9sitez pas \u00e0&nbsp;<a href=\"https:\/\/conciergerie-immobiliere.fr\/index.php\/contact-2\/\"><mark>nous contacter<\/mark><\/a>, nous avons certainement une solution pour vous satisfaire!<\/em><a href=\"https:\/\/conciergerie-immobiliere.fr\/wp-admin\/post.php?post=292&amp;action=edit\"><\/a><\/p>\n\n\n\n<p class=\"has-text-align-center has-small-font-size\"><\/p>\n","protected":false},"excerpt":{"rendered":"<p>D\u00e9couvrez nos chalets &amp; appartements disponibles \u00e0 la location \u00e0 Notre-Dame-du-Cruet Vous ne trouvez pas votre bonheur? N\u2019h\u00e9sitez pas \u00e0&nbsp;nous contacter, nous avons certainement une solution pour vous satisfaire!<\/p>\n","protected":false},"author":1,"featured_media":0,"parent":0,"menu_order":0,"comment_status":"closed","ping_status":"closed","template":"","meta":{"om_disable_all_campaigns":false,"inline_featured_image":false,"_monsterinsights_skip_tracking":false,"_monsterinsights_sitenote_active":false,"_monsterinsights_sitenote_note":"","_monsterinsights_sitenote_category":0,"footnotes":""},"aioseo_notices":[],"_links":{"self":[{"href":"https:\/\/conciergerie-immobiliere.fr\/index.php\/wp-json\/wp\/v2\/pages\/3980"}],"collection":[{"href":"https:\/\/conciergerie-immobiliere.fr\/index.php\/wp-json\/wp\/v2\/pages"}],"about":[{"href":"https:\/\/conciergerie-immobiliere.fr\/index.php\/wp-json\/wp\/v2\/types\/page"}],"author":[{"embeddable":true,"href":"https:\/\/conciergerie-immobiliere.fr\/index.php\/wp-json\/wp\/v2\/users\/1"}],"replies":[{"embeddable":true,"href":"https:\/\/conciergerie-immobiliere.fr\/index.php\/wp-json\/wp\/v2\/comments?post=3980"}],"version-history":[{"count":3,"href":"https:\/\/conciergerie-immobiliere.fr\/index.php\/wp-json\/wp\/v2\/pages\/3980\/revisions"}],"predecessor-version":[{"id":7052,"href":"https:\/\/conciergerie-immobiliere.fr\/index.php\/wp-json\/wp\/v2\/pages\/3980\/revisions\/7052"}],"wp:attachment":[{"href":"https:\/\/conciergerie-immobiliere.fr\/index.php\/wp-json\/wp\/v2\/media?parent=3980"}],"curies":[{"name":"wp","href":"https:\/\/api.w.org\/{rel}","templated":true}]}}